{"id":767,"date":"2020-08-25T10:23:23","date_gmt":"2020-08-25T10:23:23","guid":{"rendered":"https:\/\/weltzien.koelntotal.de\/?page_id=767"},"modified":"2021-12-23T12:04:01","modified_gmt":"2021-12-23T12:04:01","slug":"impressum","status":"publish","type":"page","link":"https:\/\/weltzien-transporte.de\/?page_id=767","title":{"rendered":"Impressum"},"content":{"rendered":"\n<p><strong>M. Weltzien GmbH<\/strong><br>Delmenhorsterstrasse 1<br>50735 K\u00f6ln<\/p>\n\n\n\n<p>Telefon: +49 (0) 221 \/ 130569-0<br>Fax: +49 (0) 221 \/ 130569-22<br>E-Mail-Adresse: info@mweltzien.de<br><br><strong>Verantwortlich f\u00fcr den Inhalt der Website sind:<\/strong><\/p>\n\n\n\n<ul class=\"wp-block-list\"><li>Gesch\u00e4ftsf\u00fchrer: Marion Weltzien<\/li><\/ul>\n\n\n\n<p><strong>Handelsregister:<\/strong><br>Amtsgericht Frankfurt, HRB 257855<\/p>\n\n\n\n<p><strong>USt-IdNr:<\/strong><br>DE 169891170<\/p>\n\n\n\n<p><strong>Haftungsbeschr\u00e4nkung<\/strong><br><em>Trotz sorgf\u00e4ltiger inhaltlicher Kontrolle \u00fcbernehmen wir keine Haftung f\u00fcr die Inhalte externer Links. F\u00fcr den Inhalt der verlinkten Seiten sind ausschlie\u00dflich deren Betreiber verantwortlich.<\/em><\/p>\n\n\n\n<p><\/p>\n\n\n\n<p><strong>Ansprechpartner<\/strong><\/p>\n\n\n\n<p><strong>M. Weltzien GmbH<\/strong><br>Delmenhorsterstrasse 1<br>50735 K\u00f6ln<\/p>\n\n\n\n<p>Telefon: +49 (0) 221 \/ 130569-0<br>Fax: +49 (0) 221 \/ 130569-22<br>E-Mail-Adresse: info@mweltzien.de<\/p>\n\n\n\n<p><\/p>\n","protected":false},"excerpt":{"rendered":"<p>M. Weltzien GmbHDelmenhorsterstrasse 150735 K\u00f6ln Telefon: +49 (0) 221 \/ 130569-0Fax: +49 (0) 221 \/ 130569-22E-Mail-Adresse: info@mweltzien.de Verantwortlich f\u00fcr den Inhalt der Website sind: Gesch\u00e4ftsf\u00fchrer: Marion Weltzien Handelsregister:Amtsgericht Frankfurt, HRB 257855 USt-IdNr:DE 169891170 Haftungsbeschr\u00e4nkungTrotz sorgf\u00e4ltiger inhaltlicher Kontrolle \u00fcbernehmen wir keine Haftung f\u00fcr die Inhalte externer Links. F\u00fcr den Inhalt der verlinkten Seiten sind ausschlie\u00dflich deren<\/p>\n","protected":false},"author":1,"featured_media":0,"parent":0,"menu_order":0,"comment_status":"closed","ping_status":"closed","template":"","meta":{"footnotes":""},"class_list":["post-767","page","type-page","status-publish","hentry"],"_links":{"self":[{"href":"https:\/\/weltzien-transporte.de\/index.php?rest_route=\/wp\/v2\/pages\/767","targetHints":{"allow":["GET"]}}],"collection":[{"href":"https:\/\/weltzien-transporte.de\/index.php?rest_route=\/wp\/v2\/pages"}],"about":[{"href":"https:\/\/weltzien-transporte.de\/index.php?rest_route=\/wp\/v2\/types\/page"}],"author":[{"embeddable":true,"href":"https:\/\/weltzien-transporte.de\/index.php?rest_route=\/wp\/v2\/users\/1"}],"replies":[{"embeddable":true,"href":"https:\/\/weltzien-transporte.de\/index.php?rest_route=%2Fwp%2Fv2%2Fcomments&post=767"}],"version-history":[{"count":5,"href":"https:\/\/weltzien-transporte.de\/index.php?rest_route=\/wp\/v2\/pages\/767\/revisions"}],"predecessor-version":[{"id":887,"href":"https:\/\/weltzien-transporte.de\/index.php?rest_route=\/wp\/v2\/pages\/767\/revisions\/887"}],"wp:attachment":[{"href":"https:\/\/weltzien-transporte.de\/index.php?rest_route=%2Fwp%2Fv2%2Fmedia&parent=767"}],"curies":[{"name":"wp","href":"https:\/\/api.w.org\/{rel}","templated":true}]}}